{"id":3,"date":"2023-10-05T16:16:05","date_gmt":"2023-10-05T14:16:05","guid":{"rendered":"https:\/\/www.logisticauno.com\/?page_id=3"},"modified":"2024-03-25T15:42:20","modified_gmt":"2024-03-25T14:42:20","slug":"privacy-policy","status":"publish","type":"page","link":"https:\/\/www.logisticauno.com\/en\/privacy-policy\/","title":{"rendered":"Privacy Policy"},"content":{"rendered":"<div data-elementor-type=\"wp-page\" data-elementor-id=\"3\" class=\"elementor elementor-3\" data-elementor-post-type=\"page\">\n\t\t\t\t<div class=\"elementor-element elementor-element-44743dbe e-flex e-con-boxed e-con e-parent\" data-id=\"44743dbe\" data-element_type=\"container\" data-e-type=\"container\">\n\t\t\t\t\t<div class=\"e-con-inner\">\n\t\t\t\t<div class=\"elementor-element elementor-element-b19c347 elementor-widget elementor-widget-heading\" data-id=\"b19c347\" data-element_type=\"widget\" data-e-type=\"widget\" data-widget_type=\"heading.default\">\n\t\t\t\t<div class=\"elementor-widget-container\">\n\t\t\t\t\t<h2 class=\"elementor-heading-title elementor-size-default\">Privacy Policy<\/h2>\t\t\t\t<\/div>\n\t\t\t\t<\/div>\n\t\t\t\t<div class=\"elementor-element elementor-element-3b802ed elementor-widget elementor-widget-text-editor\" data-id=\"3b802ed\" data-element_type=\"widget\" data-e-type=\"widget\" data-widget_type=\"text-editor.default\">\n\t\t\t\t<div class=\"elementor-widget-container\">\n\t\t\t\t\t\t\t\t\t<p><strong>Informativa ai sensi e per gli effetti di cui agli artt. 13 e 14, Reg UE 2016\/679<\/strong><\/p><p>Il Reg. UE 2016\/679 (&#8220;Regolamento europeo in materia di protezione dei dati personali&#8221;) prevede la tutela ed il rispetto al trattamento dei dati personali pertanto, Le forniamo le seguenti informazioni relative al trattamento dei dati comunicati attraverso il sito internet <a href=\"https:\/\/www.logisticauno.com\/en\/\">https:\/\/www.logisticauno.com\/<\/a><\/p><ol><li><strong>Finalit\u00e0, base giuridica del trattamento cui sono destinati i dati<\/strong><\/li><\/ol><p>Il trattamento dei dati \u00e8 ESCLUSIVAMENTE finalizzato:<\/p><ul><li>A. gestire le richieste di contatto pervenute attraverso la compilazione dei campi presenti nella pagina <a href=\"https:\/\/www.logisticauno.com\/en\/contatti\/\">https:\/\/www.logisticauno.com\/contatti\/<\/a><\/li><li>B. gestire le richieste di assunzione pervenute attraverso la compilazione dei campi presenti nella pagina <a href=\"https:\/\/www.logisticauno.com\/en\/work-with-us\/\">https:\/\/www.logisticauno.com\/lavora-con-noi\/<\/a><\/li><li>C. gestire le richieste di preventivo pervenute attraverso la compilazione dei campi presenti nella pagina https:\/\/www.logisticauno.com\/preventivi\/<\/li><li>D. gestire l\u2019iscrizione alla newsletter attraverso la compilazione dei campi presenti nella pagina <a href=\"https:\/\/www.logisticauno.com\/en\/\">https:\/\/www.logisticauno.com\/<\/a><\/li><li>E. gestire le comunicazioni trasmesse all\u2019indirizzo mail <a href=\"mailto:info@logisticauno.com\">info@logisticauno.com<\/a> indicato nel sito<\/li><\/ul><p>La base giuridica per le finalit\u00e0 di cui ai punti A, B, C \u00e8 la libera compilazione dei campi presenti sul sito internet, per il punto D \u00e8 il consenso espresso dall\u2019interessato, per il punto E il libero invio di una mail da parte dell\u2019interessato<\/p><ol start=\"2\"><li><strong> Fonte da cui provengono i dati<\/strong><\/li><\/ol><p>Per tutte le finalit\u00e0 il trattamento dei dati avviene sulla base della compilazione dei campi richiesti presenti sul sito o all\u2019inoltro di comunicazioni mail attraverso l\u2019indirizzo info@logisticauno.com<\/p><ol start=\"3\"><li><strong> Modalit\u00e0 del trattamento<\/strong><\/li><\/ol><p>In relazione alle indicate finalit\u00e0 i dati sono oggetto di trattamento informatico e cartaceo. Le operazioni di trattamento sono attuate in modo da garantire la sicurezza logica, fisica e la riservatezza dei dati.<\/p><p>Il Trattamento \u00e8 effettuato da personale interno od esterno adeguatamente formato e designato per l\u2019espletamento delle specifiche attivit\u00e0.<\/p><ol start=\"4\"><li><strong> Natura dei dati <\/strong><\/li><\/ol><p>Per le finalit\u00e0 di cui al punto 1.A, 1.C e 1.D costituiscono oggetto di trattamento i dati comunicati attraverso la compilazione dei campi presenti sul sito internet<\/p><p>Per le finalit\u00e0 di cui al punto 1.B costituiscono oggetto di trattamento i dati comunicati attraverso la compilazione dei campi presenti sul sito internet nonch\u00e9 i documenti allegati (CV e lettera di presentazione)<\/p><p>Per le finalit\u00e0 di cui al punto 1.E costituiscono oggetto di trattamento le informazioni contenute comunicazioni trasmesse via mail<\/p><ol start=\"5\"><li><strong>Ambito di comunicazione e diffusione dei dati<\/strong><\/li><\/ol><p>I dati non saranno oggetto di comunicazione o diffusione<\/p><p><strong><em>\u00a0<\/em><\/strong><\/p><ol start=\"6\"><li><strong>Modalit\u00e0 e durata conservazione dei dati <\/strong><\/li><\/ol><p>I dati saranno conservati, secondo le modalit\u00e0 di cui al punto 3, con tempistiche differenziate:<\/p><p>Per le finalit\u00e0 di cui al punto 1.A i dati saranno conservati sino all\u2019evasione della richiesta pervenuta.<\/p><p>Per le finalit\u00e0 di cui al punto 1.B, 1.C e 1.E al fine di agevolare eventuali ricontatti, i dati saranno conservati, per 6 (sei) mesi dalla ricezione richieste.<\/p><p>Per le finalit\u00e0 di cui al punto 1.D i dati necessari per l&#8217;iscrizione e il trattamento relativo sono conservati e ritenuti validi fino alla disiscrizione da parte dell&#8217;utente, possibile tramite link presente in ogni e-mail.<\/p><ol start=\"7\"><li><strong> Estremi identificativi del TITOLARE<\/strong><\/li><\/ol><p>TITOLARE: Il legale rappresentante pro-tempore contattabile secondo le modalit\u00e0 indicate al punto 9<\/p><ol start=\"8\"><li><strong> Diritti dell\u2019interessato<\/strong><\/li><\/ol><p>L\u2019interessato ha la facolt\u00e0 di revocare il consenso al trattamento dei Suoi dati, contattando il Titolare del trattamento ai recapiti indicati al punto 9.<\/p><p>Fermo restando i diritti di cui al legittimo interesse del titolare e gli adempimenti previsti dalla vigente normativa l\u2019interessato potr\u00e0 esercitare, in ogni momento, i Suoi diritti di cui agli articoli:<\/p><ul><li>15 (diritto di accesso)<\/li><li>16 (diritto di rettifica)<\/li><li>17 (diritto alla cancellazione \u2013 diritto all\u2019oblio)<\/li><li>18 (diritto di limitazione di trattamento)<\/li><li>19 (obbligo di notifica in caso di rettifica o cancellazione dei dati personali o limitazione del trattamento)<\/li><li>20 (diritto alla portabilit\u00e0 dei dati)<\/li><li>21 (diritto di opposizione)<\/li><li>22 (processo decisionale automatizzato relativo alle persone fisiche compresa la profilazione)<\/li><\/ul><ol start=\"9\"><li><strong> Modalit\u00e0 d\u2019esercizio dei diritti<\/strong><\/li><\/ol><p>L\u2019interessato potr\u00e0 in qualsiasi momento esercitare i diritti inviando:<\/p><ul><li>Raccomandata: Logistica Uno Europe S.r.l. \u00a0via Padania, snc 37050 Oppeano (VR)<\/li><li>E-mail: privacy@logisticauno.com<\/li><li>Pec: <a href=\"mailto:logisticauno@pec.it\">logisticauno@pec.it<\/a><\/li><\/ul><p><img decoding=\"async\" class=\"alignnone size-medium wp-image-13373\" src=\"https:\/\/www.logisticauno.com\/wp-content\/uploads\/2024\/02\/Logistica-Business-Unit-300x101.png\" alt=\"\" width=\"300\" height=\"101\" srcset=\"https:\/\/www.logisticauno.com\/wp-content\/uploads\/2024\/02\/Logistica-Business-Unit-300x101.png 300w, https:\/\/www.logisticauno.com\/wp-content\/uploads\/2024\/02\/Logistica-Business-Unit.png 608w\" sizes=\"(max-width: 300px) 100vw, 300px\" \/><\/p>\t\t\t\t\t\t\t\t<\/div>\n\t\t\t\t<\/div>\n\t\t\t\t\t<\/div>\n\t\t\t\t<\/div>\n\t\t\t\t<\/div>","protected":false},"excerpt":{"rendered":"<p>Privacy Policy Informativa ai sensi e per gli effetti di cui agli artt. 13 e 14, Reg UE 2016\/679 Il Reg. UE 2016\/679 (&#8220;Regolamento europeo in materia di protezione dei dati personali&#8221;) prevede la tutela ed il rispetto al trattamento dei dati personali pertanto, Le forniamo le seguenti informazioni relative al trattamento dei dati comunicati [&hellip;]<\/p>\n","protected":false},"author":1,"featured_media":0,"parent":0,"menu_order":0,"comment_status":"closed","ping_status":"open","template":"","meta":{"footnotes":""},"class_list":["post-3","page","type-page","status-publish","hentry"],"yoast_head":"<!-- This site is optimized with the Yoast SEO plugin v27.2 - https:\/\/yoast.com\/product\/yoast-seo-wordpress\/ -->\n<title>Privacy Policy - Logistica Uno<\/title>\n<meta name=\"robots\" content=\"index, follow, max-snippet:-1, max-image-preview:large, max-video-preview:-1\" \/>\n<link rel=\"canonical\" href=\"https:\/\/www.logisticauno.com\/en\/privacy-policy\/\" \/>\n<meta property=\"og:locale\" content=\"en_GB\" \/>\n<meta property=\"og:type\" content=\"article\" \/>\n<meta property=\"og:title\" content=\"Privacy Policy - Logistica Uno\" \/>\n<meta property=\"og:description\" content=\"Privacy Policy Informativa ai sensi e per gli effetti di cui agli artt. 13 e 14, Reg UE 2016\/679 Il Reg. UE 2016\/679 (&#8220;Regolamento europeo in materia di protezione dei dati personali&#8221;) prevede la tutela ed il rispetto al trattamento dei dati personali pertanto, Le forniamo le seguenti informazioni relative al trattamento dei dati comunicati [&hellip;]\" \/>\n<meta property=\"og:url\" content=\"https:\/\/www.logisticauno.com\/en\/privacy-policy\/\" \/>\n<meta property=\"og:site_name\" content=\"Logistica Uno\" \/>\n<meta property=\"article:publisher\" content=\"https:\/\/www.facebook.com\/logisticauno\" \/>\n<meta property=\"article:modified_time\" content=\"2024-03-25T14:42:20+00:00\" \/>\n<meta property=\"og:image\" content=\"https:\/\/www.logisticauno.com\/wp-content\/uploads\/2024\/02\/Logistica-Business-Unit-300x101.png\" \/>\n<meta name=\"twitter:card\" content=\"summary_large_image\" \/>\n<meta name=\"twitter:label1\" content=\"Estimated reading time\" \/>\n\t<meta name=\"twitter:data1\" content=\"3 minutes\" \/>\n<script type=\"application\/ld+json\" class=\"yoast-schema-graph\">{\"@context\":\"https:\/\/schema.org\",\"@graph\":[{\"@type\":\"WebPage\",\"@id\":\"https:\/\/www.logisticauno.com\/privacy-policy\/\",\"url\":\"https:\/\/www.logisticauno.com\/privacy-policy\/\",\"name\":\"Privacy Policy - Logistica Uno\",\"isPartOf\":{\"@id\":\"https:\/\/www.logisticauno.com\/#website\"},\"primaryImageOfPage\":{\"@id\":\"https:\/\/www.logisticauno.com\/privacy-policy\/#primaryimage\"},\"image\":{\"@id\":\"https:\/\/www.logisticauno.com\/privacy-policy\/#primaryimage\"},\"thumbnailUrl\":\"https:\/\/www.logisticauno.com\/wp-content\/uploads\/2024\/02\/Logistica-Business-Unit-300x101.png\",\"datePublished\":\"2023-10-05T14:16:05+00:00\",\"dateModified\":\"2024-03-25T14:42:20+00:00\",\"breadcrumb\":{\"@id\":\"https:\/\/www.logisticauno.com\/privacy-policy\/#breadcrumb\"},\"inLanguage\":\"en-GB\",\"potentialAction\":[{\"@type\":\"ReadAction\",\"target\":[\"https:\/\/www.logisticauno.com\/privacy-policy\/\"]}]},{\"@type\":\"ImageObject\",\"inLanguage\":\"en-GB\",\"@id\":\"https:\/\/www.logisticauno.com\/privacy-policy\/#primaryimage\",\"url\":\"https:\/\/www.logisticauno.com\/wp-content\/uploads\/2024\/02\/Logistica-Business-Unit-300x101.png\",\"contentUrl\":\"https:\/\/www.logisticauno.com\/wp-content\/uploads\/2024\/02\/Logistica-Business-Unit-300x101.png\"},{\"@type\":\"BreadcrumbList\",\"@id\":\"https:\/\/www.logisticauno.com\/privacy-policy\/#breadcrumb\",\"itemListElement\":[{\"@type\":\"ListItem\",\"position\":1,\"name\":\"Home\",\"item\":\"https:\/\/www.logisticauno.com\/\"},{\"@type\":\"ListItem\",\"position\":2,\"name\":\"Privacy Policy\"}]},{\"@type\":\"WebSite\",\"@id\":\"https:\/\/www.logisticauno.com\/#website\",\"url\":\"https:\/\/www.logisticauno.com\/\",\"name\":\"Logistica Uno\",\"description\":\"\",\"publisher\":{\"@id\":\"https:\/\/www.logisticauno.com\/#organization\"},\"potentialAction\":[{\"@type\":\"SearchAction\",\"target\":{\"@type\":\"EntryPoint\",\"urlTemplate\":\"https:\/\/www.logisticauno.com\/?s={search_term_string}\"},\"query-input\":{\"@type\":\"PropertyValueSpecification\",\"valueRequired\":true,\"valueName\":\"search_term_string\"}}],\"inLanguage\":\"en-GB\"},{\"@type\":\"Organization\",\"@id\":\"https:\/\/www.logisticauno.com\/#organization\",\"name\":\"Logistica Uno\",\"url\":\"https:\/\/www.logisticauno.com\/\",\"logo\":{\"@type\":\"ImageObject\",\"inLanguage\":\"en-GB\",\"@id\":\"https:\/\/www.logisticauno.com\/#\/schema\/logo\/image\/\",\"url\":\"https:\/\/www.logisticauno.com\/wp-content\/uploads\/2024\/01\/logo-vettoriale.png\",\"contentUrl\":\"https:\/\/www.logisticauno.com\/wp-content\/uploads\/2024\/01\/logo-vettoriale.png\",\"width\":169,\"height\":50,\"caption\":\"Logistica Uno\"},\"image\":{\"@id\":\"https:\/\/www.logisticauno.com\/#\/schema\/logo\/image\/\"},\"sameAs\":[\"https:\/\/www.facebook.com\/logisticauno\"]}]}<\/script>\n<!-- \/ Yoast SEO plugin. -->","yoast_head_json":{"title":"Privacy Policy - Logistica Uno","robots":{"index":"index","follow":"follow","max-snippet":"max-snippet:-1","max-image-preview":"max-image-preview:large","max-video-preview":"max-video-preview:-1"},"canonical":"https:\/\/www.logisticauno.com\/en\/privacy-policy\/","og_locale":"en_GB","og_type":"article","og_title":"Privacy Policy - Logistica Uno","og_description":"Privacy Policy Informativa ai sensi e per gli effetti di cui agli artt. 13 e 14, Reg UE 2016\/679 Il Reg. UE 2016\/679 (&#8220;Regolamento europeo in materia di protezione dei dati personali&#8221;) prevede la tutela ed il rispetto al trattamento dei dati personali pertanto, Le forniamo le seguenti informazioni relative al trattamento dei dati comunicati [&hellip;]","og_url":"https:\/\/www.logisticauno.com\/en\/privacy-policy\/","og_site_name":"Logistica Uno","article_publisher":"https:\/\/www.facebook.com\/logisticauno","article_modified_time":"2024-03-25T14:42:20+00:00","og_image":[{"url":"https:\/\/www.logisticauno.com\/wp-content\/uploads\/2024\/02\/Logistica-Business-Unit-300x101.png","type":"","width":"","height":""}],"twitter_card":"summary_large_image","twitter_misc":{"Estimated reading time":"3 minutes"},"schema":{"@context":"https:\/\/schema.org","@graph":[{"@type":"WebPage","@id":"https:\/\/www.logisticauno.com\/privacy-policy\/","url":"https:\/\/www.logisticauno.com\/privacy-policy\/","name":"Privacy Policy - Logistica Uno","isPartOf":{"@id":"https:\/\/www.logisticauno.com\/#website"},"primaryImageOfPage":{"@id":"https:\/\/www.logisticauno.com\/privacy-policy\/#primaryimage"},"image":{"@id":"https:\/\/www.logisticauno.com\/privacy-policy\/#primaryimage"},"thumbnailUrl":"https:\/\/www.logisticauno.com\/wp-content\/uploads\/2024\/02\/Logistica-Business-Unit-300x101.png","datePublished":"2023-10-05T14:16:05+00:00","dateModified":"2024-03-25T14:42:20+00:00","breadcrumb":{"@id":"https:\/\/www.logisticauno.com\/privacy-policy\/#breadcrumb"},"inLanguage":"en-GB","potentialAction":[{"@type":"ReadAction","target":["https:\/\/www.logisticauno.com\/privacy-policy\/"]}]},{"@type":"ImageObject","inLanguage":"en-GB","@id":"https:\/\/www.logisticauno.com\/privacy-policy\/#primaryimage","url":"https:\/\/www.logisticauno.com\/wp-content\/uploads\/2024\/02\/Logistica-Business-Unit-300x101.png","contentUrl":"https:\/\/www.logisticauno.com\/wp-content\/uploads\/2024\/02\/Logistica-Business-Unit-300x101.png"},{"@type":"BreadcrumbList","@id":"https:\/\/www.logisticauno.com\/privacy-policy\/#breadcrumb","itemListElement":[{"@type":"ListItem","position":1,"name":"Home","item":"https:\/\/www.logisticauno.com\/"},{"@type":"ListItem","position":2,"name":"Privacy Policy"}]},{"@type":"WebSite","@id":"https:\/\/www.logisticauno.com\/#website","url":"https:\/\/www.logisticauno.com\/","name":"Logistica Uno","description":"","publisher":{"@id":"https:\/\/www.logisticauno.com\/#organization"},"potentialAction":[{"@type":"SearchAction","target":{"@type":"EntryPoint","urlTemplate":"https:\/\/www.logisticauno.com\/?s={search_term_string}"},"query-input":{"@type":"PropertyValueSpecification","valueRequired":true,"valueName":"search_term_string"}}],"inLanguage":"en-GB"},{"@type":"Organization","@id":"https:\/\/www.logisticauno.com\/#organization","name":"Logistica Uno","url":"https:\/\/www.logisticauno.com\/","logo":{"@type":"ImageObject","inLanguage":"en-GB","@id":"https:\/\/www.logisticauno.com\/#\/schema\/logo\/image\/","url":"https:\/\/www.logisticauno.com\/wp-content\/uploads\/2024\/01\/logo-vettoriale.png","contentUrl":"https:\/\/www.logisticauno.com\/wp-content\/uploads\/2024\/01\/logo-vettoriale.png","width":169,"height":50,"caption":"Logistica Uno"},"image":{"@id":"https:\/\/www.logisticauno.com\/#\/schema\/logo\/image\/"},"sameAs":["https:\/\/www.facebook.com\/logisticauno"]}]}},"_links":{"self":[{"href":"https:\/\/www.logisticauno.com\/en\/wp-json\/wp\/v2\/pages\/3","targetHints":{"allow":["GET"]}}],"collection":[{"href":"https:\/\/www.logisticauno.com\/en\/wp-json\/wp\/v2\/pages"}],"about":[{"href":"https:\/\/www.logisticauno.com\/en\/wp-json\/wp\/v2\/types\/page"}],"author":[{"embeddable":true,"href":"https:\/\/www.logisticauno.com\/en\/wp-json\/wp\/v2\/users\/1"}],"replies":[{"embeddable":true,"href":"https:\/\/www.logisticauno.com\/en\/wp-json\/wp\/v2\/comments?post=3"}],"version-history":[{"count":26,"href":"https:\/\/www.logisticauno.com\/en\/wp-json\/wp\/v2\/pages\/3\/revisions"}],"predecessor-version":[{"id":14400,"href":"https:\/\/www.logisticauno.com\/en\/wp-json\/wp\/v2\/pages\/3\/revisions\/14400"}],"wp:attachment":[{"href":"https:\/\/www.logisticauno.com\/en\/wp-json\/wp\/v2\/media?parent=3"}],"curies":[{"name":"wp","href":"https:\/\/api.w.org\/{rel}","templated":true}]}}