{"id":20268,"date":"2026-03-06T16:41:20","date_gmt":"2026-03-06T15:41:20","guid":{"rendered":"https:\/\/www.logisticauno.com\/?page_id=20268"},"modified":"2026-03-06T16:47:51","modified_gmt":"2026-03-06T15:47:51","slug":"accessibilita","status":"publish","type":"page","link":"https:\/\/www.logisticauno.com\/en\/accessibilita\/","title":{"rendered":"Accessibilit\u00e0"},"content":{"rendered":"<div data-elementor-type=\"wp-page\" data-elementor-id=\"20268\" class=\"elementor elementor-20268\" data-elementor-post-type=\"page\">\n\t\t\t\t<div class=\"elementor-element elementor-element-734c0b8 e-flex e-con-boxed e-con e-parent\" data-id=\"734c0b8\" data-element_type=\"container\" data-e-type=\"container\">\n\t\t\t\t\t<div class=\"e-con-inner\">\n\t\t\t\t<div class=\"elementor-element elementor-element-eb31f21 elementor-widget elementor-widget-heading\" data-id=\"eb31f21\" data-element_type=\"widget\" data-e-type=\"widget\" data-widget_type=\"heading.default\">\n\t\t\t\t<div class=\"elementor-widget-container\">\n\t\t\t\t\t<h2 class=\"elementor-heading-title elementor-size-default\">Dichiarazione Accessibilit\u00e0<\/h2>\t\t\t\t<\/div>\n\t\t\t\t<\/div>\n\t\t\t\t<div class=\"elementor-element elementor-element-52385bc elementor-widget elementor-widget-text-editor\" data-id=\"52385bc\" data-element_type=\"widget\" data-e-type=\"widget\" data-widget_type=\"text-editor.default\">\n\t\t\t\t<div class=\"elementor-widget-container\">\n\t\t\t\t\t\t\t\t\t<p>Logistica Uno si impegna a rendere il proprio sito web accessibile, in conformit\u00e0 ai principi di inclusivit\u00e0 e usabilit\u00e0 digitale.<\/p><p>Il sito \u00e8 stato progettato e verificato con riferimento alle <strong>Web Content Accessibility Guidelines (WCAG) 2.1 \u2013 livello AA<\/strong>, attraverso test automatici e verifiche manuali relative ai principali aspetti di accessibilit\u00e0, tra cui:<\/p>\t\t\t\t\t\t\t\t<\/div>\n\t\t\t\t<\/div>\n\t\t\t\t<div class=\"elementor-element elementor-element-654983e elementor-icon-list--layout-traditional elementor-list-item-link-full_width elementor-widget elementor-widget-icon-list\" data-id=\"654983e\" data-element_type=\"widget\" data-e-type=\"widget\" data-widget_type=\"icon-list.default\">\n\t\t\t\t<div class=\"elementor-widget-container\">\n\t\t\t\t\t\t\t<ul class=\"elementor-icon-list-items\">\n\t\t\t\t\t\t\t<li class=\"elementor-icon-list-item\">\n\t\t\t\t\t\t\t\t\t\t\t<span class=\"elementor-icon-list-icon\">\n\t\t\t\t\t\t\t<i aria-hidden=\"true\" class=\"fas fa-chevron-right\"><\/i>\t\t\t\t\t\t<\/span>\n\t\t\t\t\t\t\t\t\t\t<span class=\"elementor-icon-list-text\">Struttura semantica delle pagine<\/span>\n\t\t\t\t\t\t\t\t\t<\/li>\n\t\t\t\t\t\t\t\t<li class=\"elementor-icon-list-item\">\n\t\t\t\t\t\t\t\t\t\t\t<span class=\"elementor-icon-list-icon\">\n\t\t\t\t\t\t\t<i aria-hidden=\"true\" class=\"fas fa-chevron-right\"><\/i>\t\t\t\t\t\t<\/span>\n\t\t\t\t\t\t\t\t\t\t<span class=\"elementor-icon-list-text\">Navigazione tramite tastiera<\/span>\n\t\t\t\t\t\t\t\t\t<\/li>\n\t\t\t\t\t\t\t\t<li class=\"elementor-icon-list-item\">\n\t\t\t\t\t\t\t\t\t\t\t<span class=\"elementor-icon-list-icon\">\n\t\t\t\t\t\t\t<i aria-hidden=\"true\" class=\"fas fa-chevron-right\"><\/i>\t\t\t\t\t\t<\/span>\n\t\t\t\t\t\t\t\t\t\t<span class=\"elementor-icon-list-text\">Compatibilit\u00e0 con screen reader<\/span>\n\t\t\t\t\t\t\t\t\t<\/li>\n\t\t\t\t\t\t\t\t<li class=\"elementor-icon-list-item\">\n\t\t\t\t\t\t\t\t\t\t\t<span class=\"elementor-icon-list-icon\">\n\t\t\t\t\t\t\t<i aria-hidden=\"true\" class=\"fas fa-chevron-right\"><\/i>\t\t\t\t\t\t<\/span>\n\t\t\t\t\t\t\t\t\t\t<span class=\"elementor-icon-list-text\">Contrasto cromatico dei contenuti<\/span>\n\t\t\t\t\t\t\t\t\t<\/li>\n\t\t\t\t\t\t\t\t<li class=\"elementor-icon-list-item\">\n\t\t\t\t\t\t\t\t\t\t\t<span class=\"elementor-icon-list-icon\">\n\t\t\t\t\t\t\t<i aria-hidden=\"true\" class=\"fas fa-chevron-right\"><\/i>\t\t\t\t\t\t<\/span>\n\t\t\t\t\t\t\t\t\t\t<span class=\"elementor-icon-list-text\">Corretta etichettatura dei moduli<\/span>\n\t\t\t\t\t\t\t\t\t<\/li>\n\t\t\t\t\t\t<\/ul>\n\t\t\t\t\t\t<\/div>\n\t\t\t\t<\/div>\n\t\t\t\t<div class=\"elementor-element elementor-element-aa2c196 elementor-widget elementor-widget-text-editor\" data-id=\"aa2c196\" data-element_type=\"widget\" data-e-type=\"widget\" data-widget_type=\"text-editor.default\">\n\t\t\t\t<div class=\"elementor-widget-container\">\n\t\t\t\t\t\t\t\t\t<p>Sono state adottate soluzioni volte a garantire una navigazione chiara e coerente, con l\u2019obiettivo di ridurre eventuali barriere per utenti con disabilit\u00e0 visive, motorie o cognitive.<\/p><p><br \/>Alcuni contenuti o componenti di terze parti (ad esempio plugin o servizi esterni) potrebbero presentare limitazioni non direttamente dipendenti dalla gestione del sito.<\/p><p><br \/>Alcuni elementi grafici del sito utilizzano colori istituzionali del brand che, in alcune combinazioni cromatiche, potrebbero non raggiungere pienamente il rapporto di contrasto previsto dalle linee guida WCAG 2.1 livello AA.<\/p><p>La presente dichiarazione \u00e8 aggiornata al: <strong>6 marzo 2026<\/strong>.<\/p><p><br \/>Per eventuali segnalazioni o difficolt\u00e0 di accesso ai contenuti del sito \u00e8 possibile scrivere a:\u2028<a href=\"mailto:info@logisticauno.com\"><strong>info@logisticauno.com<\/strong><\/a><\/p><p><br \/>Logistica Uno si impegna a valutare ogni segnalazione e, ove possibile, a intervenire per migliorare progressivamente l\u2019accessibilit\u00e0 del sito.<\/p>\t\t\t\t\t\t\t\t<\/div>\n\t\t\t\t<\/div>\n\t\t\t\t\t<\/div>\n\t\t\t\t<\/div>\n\t\t\t\t<\/div>","protected":false},"excerpt":{"rendered":"<p>Dichiarazione Accessibilit\u00e0 Logistica Uno si impegna a rendere il proprio sito web accessibile, in conformit\u00e0 ai principi di inclusivit\u00e0 e usabilit\u00e0 digitale. Il sito \u00e8 stato progettato e verificato con riferimento alle Web Content Accessibility Guidelines (WCAG) 2.1 \u2013 livello AA, attraverso test automatici e verifiche manuali relative ai principali aspetti di accessibilit\u00e0, tra cui: [&hellip;]<\/p>\n","protected":false},"author":1,"featured_media":0,"parent":0,"menu_order":0,"comment_status":"closed","ping_status":"closed","template":"","meta":{"footnotes":""},"class_list":["post-20268","page","type-page","status-publish","hentry"],"yoast_head":"<!-- This site is optimized with the Yoast SEO plugin v27.2 - https:\/\/yoast.com\/product\/yoast-seo-wordpress\/ -->\n<title>Accessibilit\u00e0 - Logistica Uno<\/title>\n<meta name=\"robots\" content=\"index, follow, max-snippet:-1, max-image-preview:large, max-video-preview:-1\" \/>\n<link rel=\"canonical\" href=\"https:\/\/www.logisticauno.com\/en\/accessibilita\/\" \/>\n<meta property=\"og:locale\" content=\"en_GB\" \/>\n<meta property=\"og:type\" content=\"article\" \/>\n<meta property=\"og:title\" content=\"Accessibilit\u00e0 - Logistica Uno\" \/>\n<meta property=\"og:description\" content=\"Dichiarazione Accessibilit\u00e0 Logistica Uno si impegna a rendere il proprio sito web accessibile, in conformit\u00e0 ai principi di inclusivit\u00e0 e usabilit\u00e0 digitale. Il sito \u00e8 stato progettato e verificato con riferimento alle Web Content Accessibility Guidelines (WCAG) 2.1 \u2013 livello AA, attraverso test automatici e verifiche manuali relative ai principali aspetti di accessibilit\u00e0, tra cui: [&hellip;]\" \/>\n<meta property=\"og:url\" content=\"https:\/\/www.logisticauno.com\/en\/accessibilita\/\" \/>\n<meta property=\"og:site_name\" content=\"Logistica Uno\" \/>\n<meta property=\"article:publisher\" content=\"https:\/\/www.facebook.com\/logisticauno\" \/>\n<meta property=\"article:modified_time\" content=\"2026-03-06T15:47:51+00:00\" \/>\n<meta name=\"twitter:card\" content=\"summary_large_image\" \/>\n<meta name=\"twitter:label1\" content=\"Estimated reading time\" \/>\n\t<meta name=\"twitter:data1\" content=\"2 minutes\" \/>\n<script type=\"application\/ld+json\" class=\"yoast-schema-graph\">{\"@context\":\"https:\/\/schema.org\",\"@graph\":[{\"@type\":\"WebPage\",\"@id\":\"https:\/\/www.logisticauno.com\/accessibilita\/\",\"url\":\"https:\/\/www.logisticauno.com\/accessibilita\/\",\"name\":\"Accessibilit\u00e0 - Logistica Uno\",\"isPartOf\":{\"@id\":\"https:\/\/www.logisticauno.com\/#website\"},\"datePublished\":\"2026-03-06T15:41:20+00:00\",\"dateModified\":\"2026-03-06T15:47:51+00:00\",\"breadcrumb\":{\"@id\":\"https:\/\/www.logisticauno.com\/accessibilita\/#breadcrumb\"},\"inLanguage\":\"en-GB\",\"potentialAction\":[{\"@type\":\"ReadAction\",\"target\":[\"https:\/\/www.logisticauno.com\/accessibilita\/\"]}]},{\"@type\":\"BreadcrumbList\",\"@id\":\"https:\/\/www.logisticauno.com\/accessibilita\/#breadcrumb\",\"itemListElement\":[{\"@type\":\"ListItem\",\"position\":1,\"name\":\"Home\",\"item\":\"https:\/\/www.logisticauno.com\/\"},{\"@type\":\"ListItem\",\"position\":2,\"name\":\"Accessibilit\u00e0\"}]},{\"@type\":\"WebSite\",\"@id\":\"https:\/\/www.logisticauno.com\/#website\",\"url\":\"https:\/\/www.logisticauno.com\/\",\"name\":\"Logistica Uno\",\"description\":\"\",\"publisher\":{\"@id\":\"https:\/\/www.logisticauno.com\/#organization\"},\"potentialAction\":[{\"@type\":\"SearchAction\",\"target\":{\"@type\":\"EntryPoint\",\"urlTemplate\":\"https:\/\/www.logisticauno.com\/?s={search_term_string}\"},\"query-input\":{\"@type\":\"PropertyValueSpecification\",\"valueRequired\":true,\"valueName\":\"search_term_string\"}}],\"inLanguage\":\"en-GB\"},{\"@type\":\"Organization\",\"@id\":\"https:\/\/www.logisticauno.com\/#organization\",\"name\":\"Logistica Uno\",\"url\":\"https:\/\/www.logisticauno.com\/\",\"logo\":{\"@type\":\"ImageObject\",\"inLanguage\":\"en-GB\",\"@id\":\"https:\/\/www.logisticauno.com\/#\/schema\/logo\/image\/\",\"url\":\"https:\/\/www.logisticauno.com\/wp-content\/uploads\/2024\/01\/logo-vettoriale.png\",\"contentUrl\":\"https:\/\/www.logisticauno.com\/wp-content\/uploads\/2024\/01\/logo-vettoriale.png\",\"width\":169,\"height\":50,\"caption\":\"Logistica Uno\"},\"image\":{\"@id\":\"https:\/\/www.logisticauno.com\/#\/schema\/logo\/image\/\"},\"sameAs\":[\"https:\/\/www.facebook.com\/logisticauno\"]}]}<\/script>\n<!-- \/ Yoast SEO plugin. -->","yoast_head_json":{"title":"Accessibilit\u00e0 - Logistica Uno","robots":{"index":"index","follow":"follow","max-snippet":"max-snippet:-1","max-image-preview":"max-image-preview:large","max-video-preview":"max-video-preview:-1"},"canonical":"https:\/\/www.logisticauno.com\/en\/accessibilita\/","og_locale":"en_GB","og_type":"article","og_title":"Accessibilit\u00e0 - Logistica Uno","og_description":"Dichiarazione Accessibilit\u00e0 Logistica Uno si impegna a rendere il proprio sito web accessibile, in conformit\u00e0 ai principi di inclusivit\u00e0 e usabilit\u00e0 digitale. Il sito \u00e8 stato progettato e verificato con riferimento alle Web Content Accessibility Guidelines (WCAG) 2.1 \u2013 livello AA, attraverso test automatici e verifiche manuali relative ai principali aspetti di accessibilit\u00e0, tra cui: [&hellip;]","og_url":"https:\/\/www.logisticauno.com\/en\/accessibilita\/","og_site_name":"Logistica Uno","article_publisher":"https:\/\/www.facebook.com\/logisticauno","article_modified_time":"2026-03-06T15:47:51+00:00","twitter_card":"summary_large_image","twitter_misc":{"Estimated reading time":"2 minutes"},"schema":{"@context":"https:\/\/schema.org","@graph":[{"@type":"WebPage","@id":"https:\/\/www.logisticauno.com\/accessibilita\/","url":"https:\/\/www.logisticauno.com\/accessibilita\/","name":"Accessibilit\u00e0 - Logistica Uno","isPartOf":{"@id":"https:\/\/www.logisticauno.com\/#website"},"datePublished":"2026-03-06T15:41:20+00:00","dateModified":"2026-03-06T15:47:51+00:00","breadcrumb":{"@id":"https:\/\/www.logisticauno.com\/accessibilita\/#breadcrumb"},"inLanguage":"en-GB","potentialAction":[{"@type":"ReadAction","target":["https:\/\/www.logisticauno.com\/accessibilita\/"]}]},{"@type":"BreadcrumbList","@id":"https:\/\/www.logisticauno.com\/accessibilita\/#breadcrumb","itemListElement":[{"@type":"ListItem","position":1,"name":"Home","item":"https:\/\/www.logisticauno.com\/"},{"@type":"ListItem","position":2,"name":"Accessibilit\u00e0"}]},{"@type":"WebSite","@id":"https:\/\/www.logisticauno.com\/#website","url":"https:\/\/www.logisticauno.com\/","name":"Logistica Uno","description":"","publisher":{"@id":"https:\/\/www.logisticauno.com\/#organization"},"potentialAction":[{"@type":"SearchAction","target":{"@type":"EntryPoint","urlTemplate":"https:\/\/www.logisticauno.com\/?s={search_term_string}"},"query-input":{"@type":"PropertyValueSpecification","valueRequired":true,"valueName":"search_term_string"}}],"inLanguage":"en-GB"},{"@type":"Organization","@id":"https:\/\/www.logisticauno.com\/#organization","name":"Logistica Uno","url":"https:\/\/www.logisticauno.com\/","logo":{"@type":"ImageObject","inLanguage":"en-GB","@id":"https:\/\/www.logisticauno.com\/#\/schema\/logo\/image\/","url":"https:\/\/www.logisticauno.com\/wp-content\/uploads\/2024\/01\/logo-vettoriale.png","contentUrl":"https:\/\/www.logisticauno.com\/wp-content\/uploads\/2024\/01\/logo-vettoriale.png","width":169,"height":50,"caption":"Logistica Uno"},"image":{"@id":"https:\/\/www.logisticauno.com\/#\/schema\/logo\/image\/"},"sameAs":["https:\/\/www.facebook.com\/logisticauno"]}]}},"_links":{"self":[{"href":"https:\/\/www.logisticauno.com\/en\/wp-json\/wp\/v2\/pages\/20268","targetHints":{"allow":["GET"]}}],"collection":[{"href":"https:\/\/www.logisticauno.com\/en\/wp-json\/wp\/v2\/pages"}],"about":[{"href":"https:\/\/www.logisticauno.com\/en\/wp-json\/wp\/v2\/types\/page"}],"author":[{"embeddable":true,"href":"https:\/\/www.logisticauno.com\/en\/wp-json\/wp\/v2\/users\/1"}],"replies":[{"embeddable":true,"href":"https:\/\/www.logisticauno.com\/en\/wp-json\/wp\/v2\/comments?post=20268"}],"version-history":[{"count":4,"href":"https:\/\/www.logisticauno.com\/en\/wp-json\/wp\/v2\/pages\/20268\/revisions"}],"predecessor-version":[{"id":20272,"href":"https:\/\/www.logisticauno.com\/en\/wp-json\/wp\/v2\/pages\/20268\/revisions\/20272"}],"wp:attachment":[{"href":"https:\/\/www.logisticauno.com\/en\/wp-json\/wp\/v2\/media?parent=20268"}],"curies":[{"name":"wp","href":"https:\/\/api.w.org\/{rel}","templated":true}]}}